{"id":9399,"date":"2025-11-02T18:29:22","date_gmt":"2025-11-02T18:29:22","guid":{"rendered":"https:\/\/ewa.com.tr\/?page_id=9399"},"modified":"2025-12-17T09:33:49","modified_gmt":"2025-12-17T09:33:49","slug":"puflar","status":"publish","type":"page","link":"https:\/\/ewa.com.tr\/es\/puflar\/","title":{"rendered":"Pufs"},"content":{"rendered":"<div data-elementor-type=\"wp-page\" data-elementor-id=\"9399\" class=\"elementor elementor-9399\" data-elementor-post-type=\"page\">\n\t\t\t\t\t\t<section class=\"elementor-section elementor-top-section elementor-element elementor-element-49f1b86 elementor-section-boxed elementor-section-height-default elementor-section-height-default\" data-id=\"49f1b86\" data-element_type=\"section\">\n\t\t\t\t\t\t<div class=\"elementor-container elementor-column-gap-default\">\n\t\t\t\t\t<div class=\"elementor-column elementor-col-100 elementor-top-column elementor-element elementor-element-2291630 ot-flex-column-vertical\" data-id=\"2291630\" data-element_type=\"column\">\n\t\t\t<div class=\"elementor-widget-wrap elementor-element-populated\">\n\t\t\t\t\t\t<div class=\"elementor-element elementor-element-0e4678c theratio-align-center elementor-widget elementor-widget-iheading\" data-id=\"0e4678c\" data-element_type=\"widget\" data-widget_type=\"iheading.default\">\n\t\t\t\t<div class=\"elementor-widget-container\">\n\t\t\t\t\t\t\t<div class=\"ot-heading is-dots\">\r\n\t        <span>[ Recopilaci\u00f3n ]<\/span>\t        <h2 class=\"main-heading\">Pufs<\/h2>\t    <\/div>\r\n\t    \t\t\t\t<\/div>\n\t\t\t\t<\/div>\n\t\t\t\t<div class=\"elementor-element elementor-element-077dd85 elementor-widget elementor-widget-ipfilter\" data-id=\"077dd85\" data-element_type=\"widget\" data-widget_type=\"ipfilter.default\">\n\t\t\t\t<div class=\"elementor-widget-container\">\n\t\t\t\t\t\r\n\t\t<div class=\"project-filter-wrapper\">\r\n\t\t\t\t\t\t\t        <div class=\"projects-grid pf_2_cols style-3 img-scale w-auto\" data-load=\"\" data-count=\"2\">\r\n\t\t\t<div class=\"grid-sizer\"><\/div>\r\n\t            \r\n<div class=\"project-item category-46\">\r\n\t<div class=\"projects-box\">\r\n\t\t<div class=\"projects-thumbnail\" data-src=\"https:\/\/ewa.com.tr\/wp-content\/uploads\/2025\/11\/12-1.jpg\" data-sub-html=\"Diamond Puf\">\r\n\t\t\t<a href=\"https:\/\/ewa.com.tr\/es\/portfolio\/diamond-puf\/\">\r\n\t\t\t\t<img fetchpriority=\"high\" decoding=\"async\" width=\"1920\" height=\"1080\" src=\"https:\/\/ewa.com.tr\/wp-content\/uploads\/2025\/11\/12-1.jpg\" class=\"attachment-theratio-portfolio-thumbnail-grid size-theratio-portfolio-thumbnail-grid wp-post-image\" alt=\"\" srcset=\"https:\/\/ewa.com.tr\/wp-content\/uploads\/2025\/11\/12-1.jpg 1920w, https:\/\/ewa.com.tr\/wp-content\/uploads\/2025\/11\/12-1-300x169.jpg 300w, https:\/\/ewa.com.tr\/wp-content\/uploads\/2025\/11\/12-1-1024x576.jpg 1024w, https:\/\/ewa.com.tr\/wp-content\/uploads\/2025\/11\/12-1-768x432.jpg 768w, https:\/\/ewa.com.tr\/wp-content\/uploads\/2025\/11\/12-1-1536x864.jpg 1536w, https:\/\/ewa.com.tr\/wp-content\/uploads\/2025\/11\/12-1-18x10.jpg 18w\" sizes=\"(max-width: 1920px) 100vw, 1920px\" \/>\t\t\t<\/a>\r\n\t\t\t\r\n\t\t\t<span class=\"overlay\">\r\n\t\t\t\t<h5>Diamond Puf<\/h5>\r\n\t\t\t\t<i class=\"ot-flaticon-add\"><\/i>\r\n\t\t\t<\/span>\r\n\t\t<\/div>\r\n\t\t<div class=\"portfolio-info\">\r\n\t\t\t<div class=\"portfolio-info-inner\">\r\n\t\t\t\t<h5><a class=\"title-link\" href=\"https:\/\/ewa.com.tr\/es\/portfolio\/diamond-puf\/\" data-src=\"https:\/\/ewa.com.tr\/wp-content\/uploads\/2025\/11\/12-1.jpg\" data-sub-html=\"Diamond Puf\">Diamond Puf<\/a><\/h5>\r\n\t\t\t\t<p class=\"portfolio-cates\"><a href=\"https:\/\/ewa.com.tr\/es\/portfolio-category\/puflar\/\">Pufs<\/a><\/p> \r\n\t\t\t<\/div>\r\n\t\t\t<a class=\"overlay\" href=\"https:\/\/ewa.com.tr\/es\/portfolio\/diamond-puf\/\"><\/a>\r\n\t\t<\/div>\r\n\t<\/div>\r\n<\/div>\r\n<div class=\"project-item category-46\">\r\n\t<div class=\"projects-box\">\r\n\t\t<div class=\"projects-thumbnail\" data-src=\"https:\/\/ewa.com.tr\/wp-content\/uploads\/2025\/10\/1-67-1.jpg\" data-sub-html=\"Teddy Puf\">\r\n\t\t\t<a href=\"https:\/\/ewa.com.tr\/es\/portfolio\/teddy-puf\/\">\r\n\t\t\t\t<img decoding=\"async\" width=\"1920\" height=\"1080\" src=\"https:\/\/ewa.com.tr\/wp-content\/uploads\/2025\/10\/1-67-1.jpg\" class=\"attachment-theratio-portfolio-thumbnail-grid size-theratio-portfolio-thumbnail-grid wp-post-image\" alt=\"\" srcset=\"https:\/\/ewa.com.tr\/wp-content\/uploads\/2025\/10\/1-67-1.jpg 1920w, https:\/\/ewa.com.tr\/wp-content\/uploads\/2025\/10\/1-67-1-300x169.jpg 300w, https:\/\/ewa.com.tr\/wp-content\/uploads\/2025\/10\/1-67-1-1024x576.jpg 1024w, https:\/\/ewa.com.tr\/wp-content\/uploads\/2025\/10\/1-67-1-768x432.jpg 768w, https:\/\/ewa.com.tr\/wp-content\/uploads\/2025\/10\/1-67-1-1536x864.jpg 1536w, https:\/\/ewa.com.tr\/wp-content\/uploads\/2025\/10\/1-67-1-18x10.jpg 18w\" sizes=\"(max-width: 1920px) 100vw, 1920px\" \/>\t\t\t<\/a>\r\n\t\t\t\r\n\t\t\t<span class=\"overlay\">\r\n\t\t\t\t<h5>Teddy Puf<\/h5>\r\n\t\t\t\t<i class=\"ot-flaticon-add\"><\/i>\r\n\t\t\t<\/span>\r\n\t\t<\/div>\r\n\t\t<div class=\"portfolio-info\">\r\n\t\t\t<div class=\"portfolio-info-inner\">\r\n\t\t\t\t<h5><a class=\"title-link\" href=\"https:\/\/ewa.com.tr\/es\/portfolio\/teddy-puf\/\" data-src=\"https:\/\/ewa.com.tr\/wp-content\/uploads\/2025\/10\/1-67-1.jpg\" data-sub-html=\"Teddy Puf\">Teddy Puf<\/a><\/h5>\r\n\t\t\t\t<p class=\"portfolio-cates\"><a href=\"https:\/\/ewa.com.tr\/es\/portfolio-category\/puflar\/\">Pufs<\/a><\/p> \r\n\t\t\t<\/div>\r\n\t\t\t<a class=\"overlay\" href=\"https:\/\/ewa.com.tr\/es\/portfolio\/teddy-puf\/\"><\/a>\r\n\t\t<\/div>\r\n\t<\/div>\r\n<\/div>\t\t\t<\/div>\r\n\r\n\t\t\t\t    <\/div>\r\n\t\t\t\t\t\t\t\t\t\t\r\n\t    \t\t\t\t<\/div>\n\t\t\t\t<\/div>\n\t\t\t\t\t<\/div>\n\t\t<\/div>\n\t\t\t\t\t<\/div>\n\t\t<\/section>\n\t\t\t\t<\/div>","protected":false},"excerpt":{"rendered":"<p>[ Koleksiyon ] Puflar Teddy Puf Teddy Puf PuflarYatak Odas\u0131 Tak\u0131m\u0131<\/p>","protected":false},"author":2,"featured_media":0,"parent":0,"menu_order":0,"comment_status":"closed","ping_status":"closed","template":"","meta":{"_acf_changed":false,"pagelayer_contact_templates":[],"_pagelayer_content":"","footnotes":""},"categories":[],"tags":[],"class_list":["post-9399","page","type-page","status-publish","hentry"],"acf":[],"_links":{"self":[{"href":"https:\/\/ewa.com.tr\/es\/wp-json\/wp\/v2\/pages\/9399","targetHints":{"allow":["GET"]}}],"collection":[{"href":"https:\/\/ewa.com.tr\/es\/wp-json\/wp\/v2\/pages"}],"about":[{"href":"https:\/\/ewa.com.tr\/es\/wp-json\/wp\/v2\/types\/page"}],"author":[{"embeddable":true,"href":"https:\/\/ewa.com.tr\/es\/wp-json\/wp\/v2\/users\/2"}],"replies":[{"embeddable":true,"href":"https:\/\/ewa.com.tr\/es\/wp-json\/wp\/v2\/comments?post=9399"}],"version-history":[{"count":5,"href":"https:\/\/ewa.com.tr\/es\/wp-json\/wp\/v2\/pages\/9399\/revisions"}],"predecessor-version":[{"id":9415,"href":"https:\/\/ewa.com.tr\/es\/wp-json\/wp\/v2\/pages\/9399\/revisions\/9415"}],"wp:attachment":[{"href":"https:\/\/ewa.com.tr\/es\/wp-json\/wp\/v2\/media?parent=9399"}],"wp:term":[{"taxonomy":"category","embeddable":true,"href":"https:\/\/ewa.com.tr\/es\/wp-json\/wp\/v2\/categories?post=9399"},{"taxonomy":"post_tag","embeddable":true,"href":"https:\/\/ewa.com.tr\/es\/wp-json\/wp\/v2\/tags?post=9399"}],"curies":[{"name":"wp","href":"https:\/\/api.w.org\/{rel}","templated":true}]}}