{"id":9364,"date":"2025-10-25T13:41:45","date_gmt":"2025-10-25T13:41:45","guid":{"rendered":"https:\/\/ewa.com.tr\/?page_id=9364"},"modified":"2025-12-17T09:45:40","modified_gmt":"2025-12-17T09:45:40","slug":"sehpalar","status":"publish","type":"page","link":"https:\/\/ewa.com.tr\/ru\/sehpalar\/","title":{"rendered":"\u0416\u0443\u0440\u043d\u0430\u043b\u044c\u043d\u044b\u0435 \u0441\u0442\u043e\u043b\u0438\u043a\u0438"},"content":{"rendered":"<div data-elementor-type=\"wp-page\" data-elementor-id=\"9364\" class=\"elementor elementor-9364\" data-elementor-post-type=\"page\">\n\t\t\t\t\t\t<section class=\"elementor-section elementor-top-section elementor-element elementor-element-49f1b86 elementor-section-boxed elementor-section-height-default elementor-section-height-default\" data-id=\"49f1b86\" data-element_type=\"section\">\n\t\t\t\t\t\t<div class=\"elementor-container elementor-column-gap-default\">\n\t\t\t\t\t<div class=\"elementor-column elementor-col-100 elementor-top-column elementor-element elementor-element-2291630 ot-flex-column-vertical\" data-id=\"2291630\" data-element_type=\"column\">\n\t\t\t<div class=\"elementor-widget-wrap elementor-element-populated\">\n\t\t\t\t\t\t<div class=\"elementor-element elementor-element-0e4678c theratio-align-center elementor-widget elementor-widget-iheading\" data-id=\"0e4678c\" data-element_type=\"widget\" data-widget_type=\"iheading.default\">\n\t\t\t\t<div class=\"elementor-widget-container\">\n\t\t\t\t\t\t\t<div class=\"ot-heading is-dots\">\r\n\t        <span>[ \u041a\u043e\u043b\u043b\u0435\u043a\u0446\u0438\u044f ]<\/span>\t        <h2 class=\"main-heading\">\u0416\u0443\u0440\u043d\u0430\u043b\u044c\u043d\u044b\u0435 \u0441\u0442\u043e\u043b\u0438\u043a\u0438<\/h2>\t    <\/div>\r\n\t    \t\t\t\t<\/div>\n\t\t\t\t<\/div>\n\t\t\t\t<div class=\"elementor-element elementor-element-077dd85 elementor-widget elementor-widget-ipfilter\" data-id=\"077dd85\" data-element_type=\"widget\" data-widget_type=\"ipfilter.default\">\n\t\t\t\t<div class=\"elementor-widget-container\">\n\t\t\t\t\t\r\n\t\t<div class=\"project-filter-wrapper\">\r\n\t\t\t\t\t\t\t        <div class=\"projects-grid pf_2_cols style-3 img-scale w-auto\" data-load=\"\" data-count=\"22\">\r\n\t\t\t<div class=\"grid-sizer\"><\/div>\r\n\t            \r\n<div class=\"project-item category-44\">\r\n\t<div class=\"projects-box\">\r\n\t\t<div class=\"projects-thumbnail\" data-src=\"https:\/\/ewa.com.tr\/wp-content\/uploads\/2025\/10\/1-76-1.jpg\" data-sub-html=\"Teddy Yan Sehpa\">\r\n\t\t\t<a href=\"https:\/\/ewa.com.tr\/ru\/portfolio\/teddy-yan-sehpa\/\">\r\n\t\t\t\t<img fetchpriority=\"high\" decoding=\"async\" width=\"1920\" height=\"1080\" src=\"https:\/\/ewa.com.tr\/wp-content\/uploads\/2025\/10\/1-76-1.jpg\" class=\"attachment-theratio-portfolio-thumbnail-grid size-theratio-portfolio-thumbnail-grid wp-post-image\" alt=\"\" srcset=\"https:\/\/ewa.com.tr\/wp-content\/uploads\/2025\/10\/1-76-1.jpg 1920w, https:\/\/ewa.com.tr\/wp-content\/uploads\/2025\/10\/1-76-1-300x169.jpg 300w, https:\/\/ewa.com.tr\/wp-content\/uploads\/2025\/10\/1-76-1-1024x576.jpg 1024w, https:\/\/ewa.com.tr\/wp-content\/uploads\/2025\/10\/1-76-1-768x432.jpg 768w, https:\/\/ewa.com.tr\/wp-content\/uploads\/2025\/10\/1-76-1-1536x864.jpg 1536w, https:\/\/ewa.com.tr\/wp-content\/uploads\/2025\/10\/1-76-1-18x10.jpg 18w\" sizes=\"(max-width: 1920px) 100vw, 1920px\" \/>\t\t\t<\/a>\r\n\t\t\t\r\n\t\t\t<span class=\"overlay\">\r\n\t\t\t\t<h5>Teddy Yan Sehpa<\/h5>\r\n\t\t\t\t<i class=\"ot-flaticon-add\"><\/i>\r\n\t\t\t<\/span>\r\n\t\t<\/div>\r\n\t\t<div class=\"portfolio-info\">\r\n\t\t\t<div class=\"portfolio-info-inner\">\r\n\t\t\t\t<h5><a class=\"title-link\" href=\"https:\/\/ewa.com.tr\/ru\/portfolio\/teddy-yan-sehpa\/\" data-src=\"https:\/\/ewa.com.tr\/wp-content\/uploads\/2025\/10\/1-76-1.jpg\" data-sub-html=\"Teddy Yan Sehpa\">Teddy Yan Sehpa<\/a><\/h5>\r\n\t\t\t\t<p class=\"portfolio-cates\"><a href=\"https:\/\/ewa.com.tr\/ru\/portfolio-category\/sehpalar\/\">\u0416\u0443\u0440\u043d\u0430\u043b\u044c\u043d\u044b\u0435 \u0441\u0442\u043e\u043b\u0438\u043a\u0438<\/a><\/p> \r\n\t\t\t<\/div>\r\n\t\t\t<a class=\"overlay\" href=\"https:\/\/ewa.com.tr\/ru\/portfolio\/teddy-yan-sehpa\/\"><\/a>\r\n\t\t<\/div>\r\n\t<\/div>\r\n<\/div>\r\n<div class=\"project-item category-44\">\r\n\t<div class=\"projects-box\">\r\n\t\t<div class=\"projects-thumbnail\" data-src=\"https:\/\/ewa.com.tr\/wp-content\/uploads\/2025\/10\/1-75-1.jpg\" data-sub-html=\"Stone Black Yuvarlak Orta Sehpa\">\r\n\t\t\t<a href=\"https:\/\/ewa.com.tr\/ru\/portfolio\/stone-black-yuvarlak-orta-sehpa\/\">\r\n\t\t\t\t<img decoding=\"async\" width=\"1920\" height=\"1080\" src=\"https:\/\/ewa.com.tr\/wp-content\/uploads\/2025\/10\/1-75-1.jpg\" class=\"attachment-theratio-portfolio-thumbnail-grid size-theratio-portfolio-thumbnail-grid wp-post-image\" alt=\"\" srcset=\"https:\/\/ewa.com.tr\/wp-content\/uploads\/2025\/10\/1-75-1.jpg 1920w, https:\/\/ewa.com.tr\/wp-content\/uploads\/2025\/10\/1-75-1-300x169.jpg 300w, https:\/\/ewa.com.tr\/wp-content\/uploads\/2025\/10\/1-75-1-1024x576.jpg 1024w, https:\/\/ewa.com.tr\/wp-content\/uploads\/2025\/10\/1-75-1-768x432.jpg 768w, https:\/\/ewa.com.tr\/wp-content\/uploads\/2025\/10\/1-75-1-1536x864.jpg 1536w, https:\/\/ewa.com.tr\/wp-content\/uploads\/2025\/10\/1-75-1-18x10.jpg 18w\" sizes=\"(max-width: 1920px) 100vw, 1920px\" \/>\t\t\t<\/a>\r\n\t\t\t\r\n\t\t\t<span class=\"overlay\">\r\n\t\t\t\t<h5>Stone Black Yuvarlak Orta Sehpa<\/h5>\r\n\t\t\t\t<i class=\"ot-flaticon-add\"><\/i>\r\n\t\t\t<\/span>\r\n\t\t<\/div>\r\n\t\t<div class=\"portfolio-info\">\r\n\t\t\t<div class=\"portfolio-info-inner\">\r\n\t\t\t\t<h5><a class=\"title-link\" href=\"https:\/\/ewa.com.tr\/ru\/portfolio\/stone-black-yuvarlak-orta-sehpa\/\" data-src=\"https:\/\/ewa.com.tr\/wp-content\/uploads\/2025\/10\/1-75-1.jpg\" data-sub-html=\"Stone Black Yuvarlak Orta Sehpa\">Stone Black Yuvarlak Orta Sehpa<\/a><\/h5>\r\n\t\t\t\t<p class=\"portfolio-cates\"><a href=\"https:\/\/ewa.com.tr\/ru\/portfolio-category\/sehpalar\/\">\u0416\u0443\u0440\u043d\u0430\u043b\u044c\u043d\u044b\u0435 \u0441\u0442\u043e\u043b\u0438\u043a\u0438<\/a><\/p> \r\n\t\t\t<\/div>\r\n\t\t\t<a class=\"overlay\" href=\"https:\/\/ewa.com.tr\/ru\/portfolio\/stone-black-yuvarlak-orta-sehpa\/\"><\/a>\r\n\t\t<\/div>\r\n\t<\/div>\r\n<\/div>\r\n<div class=\"project-item category-44\">\r\n\t<div class=\"projects-box\">\r\n\t\t<div class=\"projects-thumbnail\" data-src=\"https:\/\/ewa.com.tr\/wp-content\/uploads\/2025\/10\/1-74-e1762097949254-1.jpg\" data-sub-html=\"Stone Black Yan Sehpa\">\r\n\t\t\t<a href=\"https:\/\/ewa.com.tr\/ru\/portfolio\/stone-black-yan-sehpa\/\">\r\n\t\t\t\t<img decoding=\"async\" width=\"622\" height=\"350\" src=\"https:\/\/ewa.com.tr\/wp-content\/uploads\/2025\/10\/1-74-e1762097949254-1.jpg\" class=\"attachment-theratio-portfolio-thumbnail-grid size-theratio-portfolio-thumbnail-grid wp-post-image\" alt=\"\" srcset=\"https:\/\/ewa.com.tr\/wp-content\/uploads\/2025\/10\/1-74-e1762097949254-1.jpg 622w, https:\/\/ewa.com.tr\/wp-content\/uploads\/2025\/10\/1-74-e1762097949254-1-300x169.jpg 300w, https:\/\/ewa.com.tr\/wp-content\/uploads\/2025\/10\/1-74-e1762097949254-1-18x10.jpg 18w\" sizes=\"(max-width: 622px) 100vw, 622px\" \/>\t\t\t<\/a>\r\n\t\t\t\r\n\t\t\t<span class=\"overlay\">\r\n\t\t\t\t<h5>Stone Black Yan Sehpa<\/h5>\r\n\t\t\t\t<i class=\"ot-flaticon-add\"><\/i>\r\n\t\t\t<\/span>\r\n\t\t<\/div>\r\n\t\t<div class=\"portfolio-info\">\r\n\t\t\t<div class=\"portfolio-info-inner\">\r\n\t\t\t\t<h5><a class=\"title-link\" href=\"https:\/\/ewa.com.tr\/ru\/portfolio\/stone-black-yan-sehpa\/\" data-src=\"https:\/\/ewa.com.tr\/wp-content\/uploads\/2025\/10\/1-74-e1762097949254-1.jpg\" data-sub-html=\"Stone Black Yan Sehpa\">Stone Black Yan Sehpa<\/a><\/h5>\r\n\t\t\t\t<p class=\"portfolio-cates\"><a href=\"https:\/\/ewa.com.tr\/ru\/portfolio-category\/sehpalar\/\">\u0416\u0443\u0440\u043d\u0430\u043b\u044c\u043d\u044b\u0435 \u0441\u0442\u043e\u043b\u0438\u043a\u0438<\/a><\/p> \r\n\t\t\t<\/div>\r\n\t\t\t<a class=\"overlay\" href=\"https:\/\/ewa.com.tr\/ru\/portfolio\/stone-black-yan-sehpa\/\"><\/a>\r\n\t\t<\/div>\r\n\t<\/div>\r\n<\/div>\r\n<div class=\"project-item category-44\">\r\n\t<div class=\"projects-box\">\r\n\t\t<div class=\"projects-thumbnail\" data-src=\"https:\/\/ewa.com.tr\/wp-content\/uploads\/2025\/10\/1-73-1.jpg\" data-sub-html=\"Ston Zigon Sehpa\">\r\n\t\t\t<a href=\"https:\/\/ewa.com.tr\/ru\/portfolio\/ston-zigon-sehpa\/\">\r\n\t\t\t\t<img loading=\"lazy\" decoding=\"async\" width=\"1920\" height=\"1080\" src=\"https:\/\/ewa.com.tr\/wp-content\/uploads\/2025\/10\/1-73-1.jpg\" class=\"attachment-theratio-portfolio-thumbnail-grid size-theratio-portfolio-thumbnail-grid wp-post-image\" alt=\"\" srcset=\"https:\/\/ewa.com.tr\/wp-content\/uploads\/2025\/10\/1-73-1.jpg 1920w, https:\/\/ewa.com.tr\/wp-content\/uploads\/2025\/10\/1-73-1-300x169.jpg 300w, https:\/\/ewa.com.tr\/wp-content\/uploads\/2025\/10\/1-73-1-1024x576.jpg 1024w, https:\/\/ewa.com.tr\/wp-content\/uploads\/2025\/10\/1-73-1-768x432.jpg 768w, https:\/\/ewa.com.tr\/wp-content\/uploads\/2025\/10\/1-73-1-1536x864.jpg 1536w, https:\/\/ewa.com.tr\/wp-content\/uploads\/2025\/10\/1-73-1-18x10.jpg 18w\" sizes=\"(max-width: 1920px) 100vw, 1920px\" \/>\t\t\t<\/a>\r\n\t\t\t\r\n\t\t\t<span class=\"overlay\">\r\n\t\t\t\t<h5>Ston Zigon Sehpa<\/h5>\r\n\t\t\t\t<i class=\"ot-flaticon-add\"><\/i>\r\n\t\t\t<\/span>\r\n\t\t<\/div>\r\n\t\t<div class=\"portfolio-info\">\r\n\t\t\t<div class=\"portfolio-info-inner\">\r\n\t\t\t\t<h5><a class=\"title-link\" href=\"https:\/\/ewa.com.tr\/ru\/portfolio\/ston-zigon-sehpa\/\" data-src=\"https:\/\/ewa.com.tr\/wp-content\/uploads\/2025\/10\/1-73-1.jpg\" data-sub-html=\"Ston Zigon Sehpa\">Ston Zigon Sehpa<\/a><\/h5>\r\n\t\t\t\t<p class=\"portfolio-cates\"><a href=\"https:\/\/ewa.com.tr\/ru\/portfolio-category\/sehpalar\/\">\u0416\u0443\u0440\u043d\u0430\u043b\u044c\u043d\u044b\u0435 \u0441\u0442\u043e\u043b\u0438\u043a\u0438<\/a><\/p> \r\n\t\t\t<\/div>\r\n\t\t\t<a class=\"overlay\" href=\"https:\/\/ewa.com.tr\/ru\/portfolio\/ston-zigon-sehpa\/\"><\/a>\r\n\t\t<\/div>\r\n\t<\/div>\r\n<\/div>\r\n<div class=\"project-item category-44\">\r\n\t<div class=\"projects-box\">\r\n\t\t<div class=\"projects-thumbnail\" data-src=\"https:\/\/ewa.com.tr\/wp-content\/uploads\/2025\/10\/1-71-1.jpg\" data-sub-html=\"Porto Sehpa\">\r\n\t\t\t<a href=\"https:\/\/ewa.com.tr\/ru\/portfolio\/porto-sehpa\/\">\r\n\t\t\t\t<img loading=\"lazy\" decoding=\"async\" width=\"1920\" height=\"1080\" src=\"https:\/\/ewa.com.tr\/wp-content\/uploads\/2025\/10\/1-71-1.jpg\" class=\"attachment-theratio-portfolio-thumbnail-grid size-theratio-portfolio-thumbnail-grid wp-post-image\" alt=\"\" srcset=\"https:\/\/ewa.com.tr\/wp-content\/uploads\/2025\/10\/1-71-1.jpg 1920w, https:\/\/ewa.com.tr\/wp-content\/uploads\/2025\/10\/1-71-1-300x169.jpg 300w, https:\/\/ewa.com.tr\/wp-content\/uploads\/2025\/10\/1-71-1-1024x576.jpg 1024w, https:\/\/ewa.com.tr\/wp-content\/uploads\/2025\/10\/1-71-1-768x432.jpg 768w, https:\/\/ewa.com.tr\/wp-content\/uploads\/2025\/10\/1-71-1-1536x864.jpg 1536w, https:\/\/ewa.com.tr\/wp-content\/uploads\/2025\/10\/1-71-1-18x10.jpg 18w\" sizes=\"(max-width: 1920px) 100vw, 1920px\" \/>\t\t\t<\/a>\r\n\t\t\t\r\n\t\t\t<span class=\"overlay\">\r\n\t\t\t\t<h5>Porto Sehpa<\/h5>\r\n\t\t\t\t<i class=\"ot-flaticon-add\"><\/i>\r\n\t\t\t<\/span>\r\n\t\t<\/div>\r\n\t\t<div class=\"portfolio-info\">\r\n\t\t\t<div class=\"portfolio-info-inner\">\r\n\t\t\t\t<h5><a class=\"title-link\" href=\"https:\/\/ewa.com.tr\/ru\/portfolio\/porto-sehpa\/\" data-src=\"https:\/\/ewa.com.tr\/wp-content\/uploads\/2025\/10\/1-71-1.jpg\" data-sub-html=\"Porto Sehpa\">Porto Sehpa<\/a><\/h5>\r\n\t\t\t\t<p class=\"portfolio-cates\"><a href=\"https:\/\/ewa.com.tr\/ru\/portfolio-category\/sehpalar\/\">\u0416\u0443\u0440\u043d\u0430\u043b\u044c\u043d\u044b\u0435 \u0441\u0442\u043e\u043b\u0438\u043a\u0438<\/a><\/p> \r\n\t\t\t<\/div>\r\n\t\t\t<a class=\"overlay\" href=\"https:\/\/ewa.com.tr\/ru\/portfolio\/porto-sehpa\/\"><\/a>\r\n\t\t<\/div>\r\n\t<\/div>\r\n<\/div>\r\n<div class=\"project-item category-44\">\r\n\t<div class=\"projects-box\">\r\n\t\t<div class=\"projects-thumbnail\" data-src=\"https:\/\/ewa.com.tr\/wp-content\/uploads\/2025\/10\/1-69-1.jpg\" data-sub-html=\"Pera Orta Sehpa\">\r\n\t\t\t<a href=\"https:\/\/ewa.com.tr\/ru\/portfolio\/pera-orta-sehpa\/\">\r\n\t\t\t\t<img loading=\"lazy\" decoding=\"async\" width=\"1920\" height=\"1080\" src=\"https:\/\/ewa.com.tr\/wp-content\/uploads\/2025\/10\/1-69-1.jpg\" class=\"attachment-theratio-portfolio-thumbnail-grid size-theratio-portfolio-thumbnail-grid wp-post-image\" alt=\"\" srcset=\"https:\/\/ewa.com.tr\/wp-content\/uploads\/2025\/10\/1-69-1.jpg 1920w, https:\/\/ewa.com.tr\/wp-content\/uploads\/2025\/10\/1-69-1-300x169.jpg 300w, https:\/\/ewa.com.tr\/wp-content\/uploads\/2025\/10\/1-69-1-1024x576.jpg 1024w, https:\/\/ewa.com.tr\/wp-content\/uploads\/2025\/10\/1-69-1-768x432.jpg 768w, https:\/\/ewa.com.tr\/wp-content\/uploads\/2025\/10\/1-69-1-1536x864.jpg 1536w, https:\/\/ewa.com.tr\/wp-content\/uploads\/2025\/10\/1-69-1-18x10.jpg 18w\" sizes=\"(max-width: 1920px) 100vw, 1920px\" \/>\t\t\t<\/a>\r\n\t\t\t\r\n\t\t\t<span class=\"overlay\">\r\n\t\t\t\t<h5>Pera Orta Sehpa<\/h5>\r\n\t\t\t\t<i class=\"ot-flaticon-add\"><\/i>\r\n\t\t\t<\/span>\r\n\t\t<\/div>\r\n\t\t<div class=\"portfolio-info\">\r\n\t\t\t<div class=\"portfolio-info-inner\">\r\n\t\t\t\t<h5><a class=\"title-link\" href=\"https:\/\/ewa.com.tr\/ru\/portfolio\/pera-orta-sehpa\/\" data-src=\"https:\/\/ewa.com.tr\/wp-content\/uploads\/2025\/10\/1-69-1.jpg\" data-sub-html=\"Pera Orta Sehpa\">Pera Orta Sehpa<\/a><\/h5>\r\n\t\t\t\t<p class=\"portfolio-cates\"><a href=\"https:\/\/ewa.com.tr\/ru\/portfolio-category\/sehpalar\/\">\u0416\u0443\u0440\u043d\u0430\u043b\u044c\u043d\u044b\u0435 \u0441\u0442\u043e\u043b\u0438\u043a\u0438<\/a><\/p> \r\n\t\t\t<\/div>\r\n\t\t\t<a class=\"overlay\" href=\"https:\/\/ewa.com.tr\/ru\/portfolio\/pera-orta-sehpa\/\"><\/a>\r\n\t\t<\/div>\r\n\t<\/div>\r\n<\/div>\t\t\t<\/div>\r\n\r\n\t\t\t\t    <\/div>\r\n\t\t\t\t\t\t\t\t\t\t\r\n\t    \t\t\t\t<\/div>\n\t\t\t\t<\/div>\n\t\t\t\t\t<\/div>\n\t\t<\/div>\n\t\t\t\t\t<\/div>\n\t\t<\/section>\n\t\t\t\t<\/div>","protected":false},"excerpt":{"rendered":"<p>[ Koleksiyon ] Sehpalar Stone Black Yan Sehpa Clone Stone Black Yan Sehpa Clone SehpalarYa\u015fam Odalar\u0131 Teddy Yan Sehpa Teddy Yan Sehpa SehpalarYa\u015fam Odalar\u0131 Stone Black Yuvarlak Orta Sehpa Stone Black Yuvarlak Orta Sehpa SehpalarYa\u015fam Odalar\u0131 Stone Black Yan Sehpa Stone Black Yan Sehpa SehpalarYa\u015fam Odalar\u0131 Ston Zigon Sehpa Ston Zigon Sehpa SehpalarYa\u015fam Odalar\u0131 Porto [&hellip;]<\/p>","protected":false},"author":2,"featured_media":0,"parent":0,"menu_order":0,"comment_status":"closed","ping_status":"closed","template":"","meta":{"_acf_changed":false,"pagelayer_contact_templates":[],"_pagelayer_content":"","footnotes":""},"categories":[],"tags":[],"class_list":["post-9364","page","type-page","status-publish","hentry"],"acf":[],"_links":{"self":[{"href":"https:\/\/ewa.com.tr\/ru\/wp-json\/wp\/v2\/pages\/9364","targetHints":{"allow":["GET"]}}],"collection":[{"href":"https:\/\/ewa.com.tr\/ru\/wp-json\/wp\/v2\/pages"}],"about":[{"href":"https:\/\/ewa.com.tr\/ru\/wp-json\/wp\/v2\/types\/page"}],"author":[{"embeddable":true,"href":"https:\/\/ewa.com.tr\/ru\/wp-json\/wp\/v2\/users\/2"}],"replies":[{"embeddable":true,"href":"https:\/\/ewa.com.tr\/ru\/wp-json\/wp\/v2\/comments?post=9364"}],"version-history":[{"count":9,"href":"https:\/\/ewa.com.tr\/ru\/wp-json\/wp\/v2\/pages\/9364\/revisions"}],"predecessor-version":[{"id":10504,"href":"https:\/\/ewa.com.tr\/ru\/wp-json\/wp\/v2\/pages\/9364\/revisions\/10504"}],"wp:attachment":[{"href":"https:\/\/ewa.com.tr\/ru\/wp-json\/wp\/v2\/media?parent=9364"}],"wp:term":[{"taxonomy":"category","embeddable":true,"href":"https:\/\/ewa.com.tr\/ru\/wp-json\/wp\/v2\/categories?post=9364"},{"taxonomy":"post_tag","embeddable":true,"href":"https:\/\/ewa.com.tr\/ru\/wp-json\/wp\/v2\/tags?post=9364"}],"curies":[{"name":"wp","href":"https:\/\/api.w.org\/{rel}","templated":true}]}}